{"id":54,"date":"2020-07-26T09:14:27","date_gmt":"2020-07-26T09:14:27","guid":{"rendered":"https:\/\/demo.cmssuperheroes.com\/themeforest\/kindori\/?page_id=54"},"modified":"2021-03-14T23:02:45","modified_gmt":"2021-03-14T23:02:45","slug":"noticias","status":"publish","type":"page","link":"https:\/\/externatopassosmanuel.pt\/site\/noticias\/","title":{"rendered":"Not\u00edcias"},"content":{"rendered":"\t\t<div data-elementor-type=\"wp-page\" data-elementor-id=\"54\" class=\"elementor elementor-54\" data-elementor-settings=\"[]\">\n\t\t\t\t\t\t<div class=\"elementor-inner\">\n\t\t\t\t\t\t\t<div class=\"elementor-section-wrap\">\n\t\t\t\t\t        <section class=\"elementor-section elementor-top-section elementor-element elementor-element-5a0baae elementor-section-boxed elementor-section-height-default elementor-section-height-default\" data-id=\"5a0baae\" data-element_type=\"section\">\n            \n                        <div class=\"elementor-container elementor-column-gap-default \">\n                            <div class=\"elementor-row\">\n                    <div class=\"elementor-column elementor-col-100 elementor-top-column elementor-element elementor-element-a264405\" data-id=\"a264405\" data-element_type=\"column\">\n            <div class=\"elementor-column-wrap elementor-element-populated\">\n                            <div class=\"elementor-widget-wrap\">\n                \t\t<div class=\"elementor-element elementor-element-ad00498 elementor-widget elementor-widget-cms_post_grid\" data-id=\"ad00498\" data-element_type=\"widget\" data-widget_type=\"cms_post_grid.default\">\n\t\t\t\t<div class=\"elementor-widget-container\">\n\t\t\t\r\n<div id=\"cms_post_grid-ad00498\" class=\"cms-grid cms-post-grid cms-post-grid-layout1 \" data-layout=\"masonry\" data-start-page=\"1\" data-max-pages=\"1\" data-total=\"4\" data-perpage=\"6\" data-next-link=\"\">\r\n    <div class=\"cms-grid-overlay\"><\/div>\r\n    \r\n    <div class=\"cms-grid-inner cms-grid-masonry row animation-time\" data-gutter=\"7\">\r\n                    <div class=\"grid-sizer col-xl-3 col-lg-3 col-md-4 col-sm-6 col-12\"><\/div>\r\n                                <div class=\"grid-item col-xl-3 col-lg-3 col-md-4 col-sm-6 col-12 \">\r\n                    <div class=\"grid-item-inner\">\r\n                                                    <div class=\"entry-featured\">\r\n                                <div class=\"post-image\">\r\n                                    <a href=\"https:\/\/externatopassosmanuel.pt\/site\/2021\/02\/21\/o-monstro-das-cores\/\">\r\n                                        <img width=\"300\" height=\"240\" src=\"https:\/\/externatopassosmanuel.pt\/site\/wp-content\/uploads\/2021\/02\/livro-300x240.jpg\" class=\"attachment-event-post-thumb-box\" alt=\"\" loading=\"lazy\" \/>                                    <\/a>\r\n                                                                    <\/div>\r\n                            <\/div>\r\n                                                <div class=\"entry-body\">\r\n                                                            <ul class=\"entry-meta\">\r\n                                                                                                                <li class=\"item-category\"><a href=\"https:\/\/externatopassosmanuel.pt\/site\/category\/atividades\/\" rel=\"tag\">Atividades<\/a><\/li>\r\n                                                                    <\/ul>\r\n                                                                                        <h3 class=\"entry-title\"><a href=\"https:\/\/externatopassosmanuel.pt\/site\/2021\/02\/21\/o-monstro-das-cores\/\">O Monstro das cores<\/a><\/h3>\r\n                                                                                        <div class=\"entry-content\">\r\n                                    Na semana passada explor\u00e1mos o livro \u201cO monstro das cores\u201d, que fala sobre as nossas emo\u00e7\u00f5es e a forma como&hellip;                                <\/div>\r\n                                                                                        <div class=\"entry-readmore\">\r\n                                    <a class=\"btn-more\" href=\"https:\/\/externatopassosmanuel.pt\/site\/2021\/02\/21\/o-monstro-das-cores\/\">Ler mais                                        <i class=\"fac fac-arrow-right space-left\"><\/i>\r\n                                    <\/a>\r\n                                <\/div>\r\n                                                    <\/div>\r\n                    <\/div>\r\n                <\/div>\r\n                            <div class=\"grid-item col-xl-3 col-lg-3 col-md-4 col-sm-6 col-12 \">\r\n                    <div class=\"grid-item-inner\">\r\n                                                    <div class=\"entry-featured\">\r\n                                <div class=\"post-image\">\r\n                                    <a href=\"https:\/\/externatopassosmanuel.pt\/site\/2021\/02\/01\/centro-de-estudos\/\">\r\n                                        <img width=\"300\" height=\"240\" src=\"https:\/\/externatopassosmanuel.pt\/site\/wp-content\/uploads\/2021\/02\/miniestudos-300x240.png\" class=\"attachment-event-post-thumb-box\" alt=\"\" loading=\"lazy\" \/>                                    <\/a>\r\n                                                                    <\/div>\r\n                            <\/div>\r\n                                                <div class=\"entry-body\">\r\n                                                            <ul class=\"entry-meta\">\r\n                                                                                                                <li class=\"item-category\"><a href=\"https:\/\/externatopassosmanuel.pt\/site\/category\/atividades\/\" rel=\"tag\">Atividades<\/a><\/li>\r\n                                                                    <\/ul>\r\n                                                                                        <h3 class=\"entry-title\"><a href=\"https:\/\/externatopassosmanuel.pt\/site\/2021\/02\/01\/centro-de-estudos\/\">Centro de Estudos<\/a><\/h3>\r\n                                                                                        <div class=\"entry-content\">\r\n                                    EXPLICA\u00c7\u00d5ES Do 1\u00ba ao 6\u00ba anoAs explica\u00e7\u00f5es funcionam de acordo com as necessidades de cada aluno, a combinar entre o&hellip;                                <\/div>\r\n                                                                                        <div class=\"entry-readmore\">\r\n                                    <a class=\"btn-more\" href=\"https:\/\/externatopassosmanuel.pt\/site\/2021\/02\/01\/centro-de-estudos\/\">Ler mais                                        <i class=\"fac fac-arrow-right space-left\"><\/i>\r\n                                    <\/a>\r\n                                <\/div>\r\n                                                    <\/div>\r\n                    <\/div>\r\n                <\/div>\r\n                            <div class=\"grid-item col-xl-3 col-lg-3 col-md-4 col-sm-6 col-12 \">\r\n                    <div class=\"grid-item-inner\">\r\n                                                    <div class=\"entry-featured\">\r\n                                <div class=\"post-image\">\r\n                                    <a href=\"https:\/\/externatopassosmanuel.pt\/site\/2020\/12\/14\/projeto-curricular-de-escola-2020-2021\/\">\r\n                                        <img width=\"300\" height=\"240\" src=\"https:\/\/externatopassosmanuel.pt\/site\/wp-content\/uploads\/2020\/12\/capa-PCT-pre\u0301-escolar-300x240.jpg\" class=\"attachment-event-post-thumb-box\" alt=\"\" loading=\"lazy\" \/>                                    <\/a>\r\n                                                                    <\/div>\r\n                            <\/div>\r\n                                                <div class=\"entry-body\">\r\n                                                            <ul class=\"entry-meta\">\r\n                                                                                                                <li class=\"item-category\"><a href=\"https:\/\/externatopassosmanuel.pt\/site\/category\/pedagogia\/\" rel=\"tag\">Pedagogia<\/a><\/li>\r\n                                                                    <\/ul>\r\n                                                                                        <h3 class=\"entry-title\"><a href=\"https:\/\/externatopassosmanuel.pt\/site\/2020\/12\/14\/projeto-curricular-de-escola-2020-2021\/\">Projeto curricular de escola 2020-2021<\/a><\/h3>\r\n                                                                                        <div class=\"entry-content\">\r\n                                    FUNDAMENTA\u00c7\u00c3O O Externato Passos Manuel, enquanto institui\u00e7\u00e3o de ensino, decidiu abordar a tem\u00e1tica, no Projeto Curricular de Escola (PCE) \u201cviajar&hellip;                                <\/div>\r\n                                                                                        <div class=\"entry-readmore\">\r\n                                    <a class=\"btn-more\" href=\"https:\/\/externatopassosmanuel.pt\/site\/2020\/12\/14\/projeto-curricular-de-escola-2020-2021\/\">Ler mais                                        <i class=\"fac fac-arrow-right space-left\"><\/i>\r\n                                    <\/a>\r\n                                <\/div>\r\n                                                    <\/div>\r\n                    <\/div>\r\n                <\/div>\r\n                            <div class=\"grid-item col-xl-3 col-lg-3 col-md-4 col-sm-6 col-12 \">\r\n                    <div class=\"grid-item-inner\">\r\n                                                    <div class=\"entry-featured\">\r\n                                <div class=\"post-image\">\r\n                                    <a href=\"https:\/\/externatopassosmanuel.pt\/site\/2020\/12\/14\/vamos-viajar\/\">\r\n                                        <img width=\"300\" height=\"225\" src=\"https:\/\/externatopassosmanuel.pt\/site\/wp-content\/uploads\/2020\/12\/Capa-PCE-2020.2021-208x300-1.jpg\" class=\"attachment-event-post-thumb-box\" alt=\"\" loading=\"lazy\" \/>                                    <\/a>\r\n                                                                    <\/div>\r\n                            <\/div>\r\n                                                <div class=\"entry-body\">\r\n                                                            <ul class=\"entry-meta\">\r\n                                                                                                                <li class=\"item-category\"><a href=\"https:\/\/externatopassosmanuel.pt\/site\/category\/pedagogia\/\" rel=\"tag\">Pedagogia<\/a><\/li>\r\n                                                                    <\/ul>\r\n                                                                                        <h3 class=\"entry-title\"><a href=\"https:\/\/externatopassosmanuel.pt\/site\/2020\/12\/14\/vamos-viajar\/\">Vamos Viajar!&#8230;<\/a><\/h3>\r\n                                                                                        <div class=\"entry-content\">\r\n                                    Neste Mundo coabitamos com outras culturas, outros povos, outros seres. Somos diferentes de cada um, iguais a n\u00f3s mesmos, crescemos,&hellip;                                <\/div>\r\n                                                                                        <div class=\"entry-readmore\">\r\n                                    <a class=\"btn-more\" href=\"https:\/\/externatopassosmanuel.pt\/site\/2020\/12\/14\/vamos-viajar\/\">Ler mais                                        <i class=\"fac fac-arrow-right space-left\"><\/i>\r\n                                    <\/a>\r\n                                <\/div>\r\n                                                    <\/div>\r\n                    <\/div>\r\n                <\/div>\r\n                <\/div>\r\n        <\/div>\t\t<\/div>\n\t\t\t\t<\/div>\n\t\t                <\/div>\n                    <\/div>\n        <\/div>\n                                <\/div>\n                    <\/div>\n        <\/section>\n        \t\t\t\t<\/div>\n\t\t\t\t\t\t<\/div>\n\t\t\t\t\t<\/div>\n\t\t","protected":false},"excerpt":{"rendered":"<p>Pedagogia Outra not\u00edcia 2 Pedagogia Outra not\u00edcia 2 At vero eos et accusamus et iusto odio dignissimos ducimus qui blanditiis praesentium voluptatum deleniti atque&hellip; Ler mais Atividades Outra not\u00edcia Pedagogia Outra not\u00edcia 2 At vero eos et accusamus et iusto odio dignissimos ducimus qui blanditiis praesentium voluptatum deleniti atque&hellip; Ler mais Atividades O Monstro das [&hellip;]<\/p>\n","protected":false},"author":1,"featured_media":0,"parent":0,"menu_order":0,"comment_status":"closed","ping_status":"closed","template":"","meta":[],"folder":[24],"_links":{"self":[{"href":"https:\/\/externatopassosmanuel.pt\/site\/wp-json\/wp\/v2\/pages\/54"}],"collection":[{"href":"https:\/\/externatopassosmanuel.pt\/site\/wp-json\/wp\/v2\/pages"}],"about":[{"href":"https:\/\/externatopassosmanuel.pt\/site\/wp-json\/wp\/v2\/types\/page"}],"author":[{"embeddable":true,"href":"https:\/\/externatopassosmanuel.pt\/site\/wp-json\/wp\/v2\/users\/1"}],"replies":[{"embeddable":true,"href":"https:\/\/externatopassosmanuel.pt\/site\/wp-json\/wp\/v2\/comments?post=54"}],"version-history":[{"count":35,"href":"https:\/\/externatopassosmanuel.pt\/site\/wp-json\/wp\/v2\/pages\/54\/revisions"}],"predecessor-version":[{"id":4314,"href":"https:\/\/externatopassosmanuel.pt\/site\/wp-json\/wp\/v2\/pages\/54\/revisions\/4314"}],"wp:attachment":[{"href":"https:\/\/externatopassosmanuel.pt\/site\/wp-json\/wp\/v2\/media?parent=54"}],"wp:term":[{"taxonomy":"folder","embeddable":true,"href":"https:\/\/externatopassosmanuel.pt\/site\/wp-json\/wp\/v2\/folder?post=54"}],"curies":[{"name":"wp","href":"https:\/\/api.w.org\/{rel}","templated":true}]}}