{"id":28,"date":"2020-07-22T09:55:25","date_gmt":"2020-07-22T09:55:25","guid":{"rendered":"https:\/\/demo.cmssuperheroes.com\/themeforest\/kindori\/?page_id=28"},"modified":"2021-04-04T06:14:41","modified_gmt":"2021-04-04T06:14:41","slug":"inscricoes","status":"publish","type":"page","link":"https:\/\/externatopassosmanuel.pt\/site\/inscricoes\/","title":{"rendered":"Inscri\u00e7\u00f5es"},"content":{"rendered":"\t\t<div data-elementor-type=\"wp-page\" data-elementor-id=\"28\" class=\"elementor elementor-28\" data-elementor-settings=\"[]\">\n\t\t\t\t\t\t<div class=\"elementor-inner\">\n\t\t\t\t\t\t\t<div class=\"elementor-section-wrap\">\n\t\t\t\t\t        <section class=\"elementor-section elementor-top-section elementor-element elementor-element-28504ad elementor-section-full_width elementor-section-content-top cms-row-section-scoll-custom elementor-section-height-default elementor-section-height-default\" data-id=\"28504ad\" data-element_type=\"section\">\n            \n                        <div class=\"elementor-container elementor-column-gap-custom \">\n                            <div class=\"elementor-row\">\n                    <div class=\"elementor-column elementor-col-33 elementor-top-column elementor-element elementor-element-23c84d0\" data-id=\"23c84d0\" data-element_type=\"column\">\n            <div class=\"elementor-column-wrap elementor-element-populated\">\n                            <div class=\"elementor-widget-wrap\">\n                \t\t<div class=\"elementor-element elementor-element-d2bdb88 elementor-widget elementor-widget-cms_attention\" data-id=\"d2bdb88\" data-element_type=\"widget\" data-widget_type=\"cms_attention.default\">\n\t\t\t\t<div class=\"elementor-widget-container\">\n\t\t\t<div class=\"cms-attention \">\r\n            <h3 class=\"entry-title\">\r\n                            <span class=\"item--icon\">\r\n                    <i aria-hidden=\"true\" class=\"fas fa-bell\"><\/i>                <\/span>\r\n                                    Documentos necess\u00e1rios para a matr\u00edcula:    \r\n        <\/h3>\r\n    \r\n            <ol class=\"cms-list-items\">\r\n                            <li class=\"\">\r\n                    Boletim de Nascimento ou Cart\u00e3o de Cidad\u00e3o do aluno (ap\u00f3s nascimento);               <\/li>\r\n                            <li class=\"\">\r\n                    Boletim de Vacinas atualizado do aluno (ap\u00f3s nascimento);               <\/li>\r\n                            <li class=\"\">\r\n                    Boletim Individual de Sa\u00fade do aluno (ap\u00f3s nascimento);               <\/li>\r\n                            <li class=\"\">\r\n                    Cart\u00e3o de Utente do aluno (ap\u00f3s nascimento);               <\/li>\r\n                            <li class=\"\">\r\n                    C\u00f3pia do B.I. \/ Cart\u00e3o de cidad\u00e3o do Pai e da M\u00e3e               <\/li>\r\n                            <li class=\"\">\r\n                    C\u00f3pia de declara\u00e7\u00e3o de IRS do ano fiscal anterior (1\u00aa Folha, onde constam os n\u00ba de contribuinte do Agregado).               <\/li>\r\n                    <\/ol>\r\n    <\/div>\r\n\t\t<\/div>\n\t\t\t\t<\/div>\n\t\t\t\t<div class=\"elementor-element elementor-element-fcb6a1c elementor-widget elementor-widget-cms_attention\" data-id=\"fcb6a1c\" data-element_type=\"widget\" data-widget_type=\"cms_attention.default\">\n\t\t\t\t<div class=\"elementor-widget-container\">\n\t\t\t<div class=\"cms-attention wow fadeInUp\">\r\n            <h3 class=\"entry-title\">\r\n                            <span class=\"item--icon\">\r\n                    <i aria-hidden=\"true\" class=\"fas fa-exclamation-triangle\"><\/i>                <\/span>\r\n                                    Notas    \r\n        <\/h3>\r\n    \r\n            <ol class=\"cms-list-items\">\r\n                            <li class=\"wow fadeInUp\">\r\n                    Turmas at\u00e9 15 alunos               <\/li>\r\n                            <li class=\"wow fadeInUp\">\r\n                    Leia a Pol\u00edtica de Privacidade\n               <\/li>\r\n                    <\/ol>\r\n    <\/div>\r\n\t\t<\/div>\n\t\t\t\t<\/div>\n\t\t                <\/div>\n                    <\/div>\n        <\/div>\n                <div class=\"elementor-column elementor-col-66 elementor-top-column elementor-element elementor-element-8d396bb\" data-id=\"8d396bb\" data-element_type=\"column\">\n            <div class=\"elementor-column-wrap elementor-element-populated\">\n                            <div class=\"elementor-widget-wrap\">\n                \t\t<div class=\"elementor-element elementor-element-baee47a elementor-widget elementor-widget-cms_heading\" data-id=\"baee47a\" data-element_type=\"widget\" data-widget_type=\"cms_heading.default\">\n\t\t\t\t<div class=\"elementor-widget-container\">\n\t\t\t<div class=\"cms-heading-wrapper cms-heading-layout1 \">\r\n    \r\n            <h3 class=\"custom-heading\">\r\n            <span                 >\r\n                Dados Crian\u00e7a:<\/span>\r\n        <\/h3>\r\n        \r\n    <\/div>\t\t<\/div>\n\t\t\t\t<\/div>\n\t\t\t\t<div class=\"elementor-element elementor-element-b4e9733 elementor-widget elementor-widget-cms_ctf7\" data-id=\"b4e9733\" data-element_type=\"widget\" data-widget_type=\"cms_ctf7.default\">\n\t\t\t\t<div class=\"elementor-widget-container\">\n\t\t\t    <div id=\"cms_ctf7-b4e9733\" class=\"cms-contact-form layout1\">\r\n        <div class=\"cms-contact-form-inner style1 wow fadeInUp\">\r\n            <div class=\"col-inner-box button-style1\">\r\n                <div role=\"form\" class=\"wpcf7\" id=\"wpcf7-f1202-o1\" lang=\"en-US\" dir=\"ltr\">\n<div class=\"screen-reader-response\"><p role=\"status\" aria-live=\"polite\" aria-atomic=\"true\"><\/p> <ul><\/ul><\/div>\n<form action=\"\/site\/wp-json\/wp\/v2\/pages\/28#wpcf7-f1202-o1\" method=\"post\" class=\"wpcf7-form init\" novalidate=\"novalidate\" data-status=\"init\">\n<div style=\"display: none;\">\n<input type=\"hidden\" name=\"_wpcf7\" value=\"1202\" \/>\n<input type=\"hidden\" name=\"_wpcf7_version\" value=\"5.4\" \/>\n<input type=\"hidden\" name=\"_wpcf7_locale\" value=\"en_US\" \/>\n<input type=\"hidden\" name=\"_wpcf7_unit_tag\" value=\"wpcf7-f1202-o1\" \/>\n<input type=\"hidden\" name=\"_wpcf7_container_post\" value=\"0\" \/>\n<input type=\"hidden\" name=\"_wpcf7_posted_data_hash\" value=\"\" \/>\n<input type=\"hidden\" name=\"_wpcf7_recaptcha_response\" value=\"\" \/>\n<\/div>\n<div class=\"wp-row-ctf7\">\n<div class=\"row row-1\">\n<div class=\"col-12\">\n<div class=\"input-filled\"><span class=\"wpcf7-form-control-wrap text-56\"><input type=\"text\" name=\"text-56\" value=\"\" size=\"40\" class=\"wpcf7-form-control wpcf7-text\" aria-invalid=\"false\" placeholder=\"Nome da crian\u00e7a\" \/><\/span><\/div>\n<\/div>\n<div class=\"col-12\">\n<div class=\"input-filled\"><span class=\"wpcf7-form-control-wrap text-57\"><input type=\"text\" name=\"text-57\" value=\"\" size=\"40\" class=\"wpcf7-form-control wpcf7-text\" aria-invalid=\"false\" placeholder=\"Morada\" \/><\/span><\/div>\n<\/div>\n<div class=\"col-12\">\n<div class=\"input-filled\"><span class=\"wpcf7-form-control-wrap text-58\"><input type=\"text\" name=\"text-58\" value=\"\" size=\"40\" class=\"wpcf7-form-control wpcf7-text\" aria-invalid=\"false\" placeholder=\"C\u00f3digo Postal\" \/><\/span><\/div>\n<\/div>\n<div class=\"col-12\">\n<div class=\"input-filled\"><span class=\"wpcf7-form-control-wrap text-489\"><input type=\"text\" name=\"text-489\" value=\"\" size=\"40\" class=\"wpcf7-form-control wpcf7-text\" aria-invalid=\"false\" placeholder=\"Data de nascimento (dd\/mm\/yyyy)\" \/><\/span><\/div>\n<\/div>\n<div class=\"col-12\">\n<div class=\"input-filled\"><span class=\"wpcf7-form-control-wrap text-490\"><input type=\"text\" name=\"text-490\" value=\"\" size=\"40\" class=\"wpcf7-form-control wpcf7-text\" aria-invalid=\"false\" placeholder=\"Idade em 31 de Dezembro (anos\/meses)\" \/><\/span><\/div>\n<\/div>\n<div class=\"col-12\">\n<div class=\"input-filled\"><span class=\"wpcf7-form-control-wrap checkbox-496\"><span class=\"wpcf7-form-control wpcf7-checkbox\"><span class=\"wpcf7-list-item first last\"><input type=\"checkbox\" name=\"checkbox-496[]\" value=\"Pr\u00e9-escolar\" \/><span class=\"wpcf7-list-item-label\">Pr\u00e9-escolar<\/span><\/span><\/span><\/span><\/div>\n<\/div>\n<div class=\"col-12\">\n<div class=\"input-filled\"><span class=\"wpcf7-form-control-wrap checkbox-496\"><span class=\"wpcf7-form-control wpcf7-checkbox\"><span class=\"wpcf7-list-item first last\"><input type=\"checkbox\" name=\"checkbox-496[]\" value=\"1\u00ba Ciclo\" \/><span class=\"wpcf7-list-item-label\">1\u00ba Ciclo<\/span><\/span><\/span><\/span><\/div>\n<\/div>\n<\/div>\n<\/div>\n<h2 class=\"title-contact-form\">Filia\u00e7\u00e3o:<\/h2>\n<div class=\"wp-row-ctf7\">\n<div class=\"row row-2\">\n<div class=\"col-12\">\n<div class=\"input-filled\"><span class=\"wpcf7-form-control-wrap your-name\"><input type=\"text\" name=\"your-name\" value=\"\" size=\"40\" class=\"wpcf7-form-control wpcf7-text\" aria-invalid=\"false\" placeholder=\"Nome Pai\" \/><\/span><\/div>\n<\/div>\n<div class=\"col-12\">\n<div class=\"input-filled\"><span class=\"wpcf7-form-control-wrap your-email\"><input type=\"email\" name=\"your-email\" value=\"\" size=\"40\" class=\"wpcf7-form-control wpcf7-text wpcf7-email wpcf7-validates-as-email\" aria-invalid=\"false\" placeholder=\"Email\" \/><\/span><\/div>\n<\/div>\n<div class=\"col-12\">\n<div class=\"input-filled\"><span class=\"wpcf7-form-control-wrap your-phone\"><input type=\"text\" name=\"your-phone\" value=\"\" size=\"40\" class=\"wpcf7-form-control wpcf7-text\" aria-invalid=\"false\" placeholder=\"Telefone\" \/><\/span><\/div>\n<\/div>\n<div class=\"col-12\">\n<div class=\"input-filled\"><span class=\"wpcf7-form-control-wrap your-name\"><input type=\"text\" name=\"your-name\" value=\"\" size=\"40\" class=\"wpcf7-form-control wpcf7-text\" aria-invalid=\"false\" placeholder=\"Nome M\u00e3e\" \/><\/span><\/div>\n<\/div>\n<div class=\"col-12\">\n<div class=\"input-filled\"><span class=\"wpcf7-form-control-wrap email-125\"><input type=\"email\" name=\"email-125\" value=\"Email\" size=\"40\" class=\"wpcf7-form-control wpcf7-text wpcf7-email wpcf7-validates-as-email\" aria-invalid=\"false\" \/><\/span><\/div>\n<\/div>\n<div class=\"col-12\">\n<div class=\"input-filled\"><span class=\"wpcf7-form-control-wrap text-903\"><input type=\"text\" name=\"text-903\" value=\"Telefone\" size=\"40\" class=\"wpcf7-form-control wpcf7-text\" aria-invalid=\"false\" \/><\/span><\/div>\n<\/div>\n<\/div>\n<\/div>\n<p><span class=\"wpcf7-form-control-wrap acceptance-623\"><span class=\"wpcf7-form-control wpcf7-acceptance optional\"><span class=\"wpcf7-list-item\"><label><input type=\"checkbox\" name=\"acceptance-623\" value=\"1\" aria-invalid=\"false\" \/><span class=\"wpcf7-list-item-label\">Autorizo que os dados recolhidos neste formul\u00e1rio sejam utilizados de acordo com a seguinte <a href=\"https:\/\/externatopassosmanuel.pt\/site\/politica-privacidade\/\" target=\"_blank\">Pol\u00edtica de Privacidade.<\/a><\/span><\/label><\/span><\/span><\/span><\/p>\n<div class=\"row\">\n<div class=\"col-12\"><input type=\"submit\" value=\"Enviar inscri\u00e7\u00e3o\" class=\"wpcf7-form-control wpcf7-submit\" \/><\/div>\n<\/div>\n<\/div>\n<div class=\"wpcf7-response-output\" aria-hidden=\"true\"><\/div><\/form><\/div>            <\/div>\r\n        <\/div>\r\n    <\/div>\r\n\t\t<\/div>\n\t\t\t\t<\/div>\n\t\t                <\/div>\n                    <\/div>\n        <\/div>\n                                <\/div>\n                    <\/div>\n        <\/section>\n        \t\t\t\t<\/div>\n\t\t\t\t\t\t<\/div>\n\t\t\t\t\t<\/div>\n\t\t","protected":false},"excerpt":{"rendered":"<p>Documentos necess\u00e1rios para a matr\u00edcula: Boletim de Nascimento ou Cart\u00e3o de Cidad\u00e3o do aluno (ap\u00f3s nascimento); Boletim de Vacinas atualizado do aluno (ap\u00f3s nascimento); Boletim Individual de Sa\u00fade do aluno (ap\u00f3s nascimento); Cart\u00e3o de Utente do aluno (ap\u00f3s nascimento); C\u00f3pia do B.I. \/ Cart\u00e3o de cidad\u00e3o do Pai e da M\u00e3e C\u00f3pia de declara\u00e7\u00e3o de [&hellip;]<\/p>\n","protected":false},"author":1,"featured_media":0,"parent":0,"menu_order":0,"comment_status":"closed","ping_status":"closed","template":"","meta":[],"folder":[24],"_links":{"self":[{"href":"https:\/\/externatopassosmanuel.pt\/site\/wp-json\/wp\/v2\/pages\/28"}],"collection":[{"href":"https:\/\/externatopassosmanuel.pt\/site\/wp-json\/wp\/v2\/pages"}],"about":[{"href":"https:\/\/externatopassosmanuel.pt\/site\/wp-json\/wp\/v2\/types\/page"}],"author":[{"embeddable":true,"href":"https:\/\/externatopassosmanuel.pt\/site\/wp-json\/wp\/v2\/users\/1"}],"replies":[{"embeddable":true,"href":"https:\/\/externatopassosmanuel.pt\/site\/wp-json\/wp\/v2\/comments?post=28"}],"version-history":[{"count":81,"href":"https:\/\/externatopassosmanuel.pt\/site\/wp-json\/wp\/v2\/pages\/28\/revisions"}],"predecessor-version":[{"id":4388,"href":"https:\/\/externatopassosmanuel.pt\/site\/wp-json\/wp\/v2\/pages\/28\/revisions\/4388"}],"wp:attachment":[{"href":"https:\/\/externatopassosmanuel.pt\/site\/wp-json\/wp\/v2\/media?parent=28"}],"wp:term":[{"taxonomy":"folder","embeddable":true,"href":"https:\/\/externatopassosmanuel.pt\/site\/wp-json\/wp\/v2\/folder?post=28"}],"curies":[{"name":"wp","href":"https:\/\/api.w.org\/{rel}","templated":true}]}}